{"id":408,"date":"2026-01-29T06:06:05","date_gmt":"2026-01-29T06:06:05","guid":{"rendered":"https:\/\/chirontruckparts.com\/?page_id=408"},"modified":"2026-03-16T07:05:05","modified_gmt":"2026-03-16T07:05:05","slug":"giai-phap-ky-thuat","status":"publish","type":"page","link":"https:\/\/chirontruckparts.com\/vi\/technical-solutions\/","title":{"rendered":"Gi\u1ea3i ph\u00e1p K\u1ef9 thu\u1eadt"},"content":{"rendered":"<div data-elementor-type=\"wp-page\" data-elementor-id=\"408\" class=\"elementor elementor-408\" data-elementor-post-type=\"page\">\n\t\t\t\t<div class=\"elementor-element elementor-element-d3f1ea8 e-con-full e-flex e-con e-parent\" data-id=\"d3f1ea8\" data-element_type=\"container\" data-e-type=\"container\" data-settings=\"{&quot;background_background&quot;:&quot;classic&quot;,&quot;ekit_has_onepagescroll_dot&quot;:&quot;yes&quot;}\">\n\t\t\t\t<div class=\"elementor-element elementor-element-249998b reveal-hero-title elementor-widget elementor-widget-heading\" data-id=\"249998b\" data-element_type=\"widget\" data-e-type=\"widget\" data-settings=\"{&quot;ekit_we_effect_on&quot;:&quot;none&quot;}\" data-widget_type=\"heading.default\">\n\t\t\t\t\t<h1 class=\"elementor-heading-title elementor-size-default\">Custom Technical Solutions for Global Truck Parts Supply Chain<\/h1>\t\t\t\t<\/div>\n\t\t\t\t<div class=\"elementor-element elementor-element-6ab8481 elementor-widget elementor-widget-html\" data-id=\"6ab8481\" data-element_type=\"widget\" data-e-type=\"widget\" data-settings=\"{&quot;ekit_we_effect_on&quot;:&quot;none&quot;}\" data-widget_type=\"html.default\">\n\t\t\t\t\t<script>\r\ndocument.addEventListener('DOMContentLoaded', function() {\r\n    const title = document.querySelector('.reveal-hero-title');\r\n    const subtitle = document.querySelector('.reveal-hero-subtitle');\r\n\r\n    window.addEventListener('scroll', function() {\r\n        let scrollPos = window.scrollY;\r\n        \r\n        \/\/ \u8bbe\u7f6e\u6de1\u51fa\u53c2\u6570\uff1a\u6eda\u52a8\u5230 400px \u65f6\u5b8c\u5168\u6d88\u5931\r\n        let fadeEnd = 400;\r\n        let opacity = 1 - (scrollPos \/ fadeEnd);\r\n        \r\n        if (opacity < 0) opacity = 0;\r\n        if (opacity > 1) opacity = 1;\r\n\r\n        \/\/ \u6267\u884c\u6de1\u51fa\u548c\u5fae\u5c0f\u7684\u89c6\u5dee\u4f4d\u79fb\r\n        if (title) {\r\n            title.style.opacity = opacity;\r\n            title.style.transform = `translateY(${scrollPos * 0.2}px)`;\r\n        }\r\n        if (subtitle) {\r\n            subtitle.style.opacity = opacity;\r\n            subtitle.style.transform = `translateY(${scrollPos * 0.25}px)`;\r\n        }\r\n    });\r\n});\r\n<\/script>\t\t\t\t<\/div>\n\t\t\t\t<div class=\"elementor-element elementor-element-d75e78b elementor-widget elementor-widget-html\" data-id=\"d75e78b\" data-element_type=\"widget\" data-e-type=\"widget\" data-settings=\"{&quot;ekit_we_effect_on&quot;:&quot;none&quot;}\" data-widget_type=\"html.default\">\n\t\t\t\t\t<div id=\"chiron-scroll-indicator\" class=\"chiron-ultra-minimal-scroll\">\r\n    <div class=\"scroll-arrow-wrapper\">\r\n        <svg class=\"scroll-arrow-svg\" width=\"24\" height=\"14\" viewbox=\"0 0 20 12\" fill=\"none\">\r\n            <path d=\"M1 1L10 10L19 1\" stroke=\"#AAAAAA\" stroke-width=\"2.5\" stroke-linecap=\"round\" stroke-linejoin=\"round\"\/>\r\n        <\/svg>\r\n    <\/div>\r\n    <span class=\"scroll-text-minimal\">KH\u00c1M PH\u00c1 TH\u00caM<\/span>\r\n<\/div>\r\n\r\n<script>\r\n\/\/ \u76d1\u542c\u6eda\u52a8\u4e8b\u4ef6\uff0c\u5f53\u7528\u6237\u5411\u4e0b\u6eda\u52a8\u8d85\u8fc7 50px \u65f6\uff0c\u6307\u793a\u5668\u6de1\u51fa\r\nwindow.addEventListener('scroll', function() {\r\n    const indicator = document.getElementById('chiron-scroll-indicator');\r\n    if (window.scrollY > 50) {\r\n        indicator.style.opacity = '0';\r\n        indicator.style.visibility = 'hidden';\r\n        indicator.style.transition = 'opacity 0.6s ease, visibility 0.6s';\r\n    } else {\r\n        indicator.style.opacity = '1';\r\n        indicator.style.visibility = 'visible';\r\n    }\r\n});\r\n<\/script>\t\t\t\t<\/div>\n\t\t\t\t<\/div>\n\t\t<div class=\"elementor-element elementor-element-6c0ac32 e-flex e-con-boxed e-con e-parent\" data-id=\"6c0ac32\" data-element_type=\"container\" data-e-type=\"container\" data-settings=\"{&quot;background_background&quot;:&quot;classic&quot;,&quot;ekit_has_onepagescroll_dot&quot;:&quot;yes&quot;}\">\n\t\t\t\t\t<div class=\"e-con-inner\">\n\t\t<div class=\"elementor-element elementor-element-d1c15ef e-con-full e-flex e-con e-child\" data-id=\"d1c15ef\" data-element_type=\"container\" data-e-type=\"container\" data-settings=\"{&quot;background_background&quot;:&quot;classic&quot;,&quot;ekit_has_onepagescroll_dot&quot;:&quot;yes&quot;}\">\n\t\t\t\t<div class=\"elementor-element elementor-element-78d265f elementor-widget elementor-widget-heading\" data-id=\"78d265f\" data-element_type=\"widget\" data-e-type=\"widget\" data-settings=\"{&quot;ekit_we_effect_on&quot;:&quot;none&quot;}\" data-widget_type=\"heading.default\">\n\t\t\t\t\t<h2 class=\"elementor-heading-title elementor-size-default\">For Fleet Owners<\/h2>\t\t\t\t<\/div>\n\t\t\t\t<\/div>\n\t\t<div class=\"elementor-element elementor-element-acc1391 e-con-full e-flex e-con e-child\" data-id=\"acc1391\" data-element_type=\"container\" data-e-type=\"container\" data-settings=\"{&quot;background_background&quot;:&quot;gradient&quot;,&quot;ekit_has_onepagescroll_dot&quot;:&quot;yes&quot;}\">\n\t\t\t\t<div class=\"elementor-element elementor-element-e9bb790 elementor-widget elementor-widget-heading\" data-id=\"e9bb790\" data-element_type=\"widget\" data-e-type=\"widget\" data-settings=\"{&quot;ekit_we_effect_on&quot;:&quot;none&quot;}\" data-widget_type=\"heading.default\">\n\t\t\t\t\t<h3 class=\"elementor-heading-title elementor-size-default\">Fleet Efficiency &amp; Uptime Management Solutions<\/h3>\t\t\t\t<\/div>\n\t\t\t\t<div class=\"elementor-element elementor-element-8f759f3 elementor-widget elementor-widget-text-editor\" data-id=\"8f759f3\" data-element_type=\"widget\" data-e-type=\"widget\" data-settings=\"{&quot;ekit_we_effect_on&quot;:&quot;none&quot;}\" data-widget_type=\"text-editor.default\">\n\t\t\t\t\t\t\t\t\t<p>For large-scale fleet operators in demanding environments like <b data-path-to-node=\"10,1,0\" data-index-in-node=\"69\">African mining sites<\/b> ho\u1eb7c <b data-path-to-node=\"10,1,0\" data-index-in-node=\"93\">Middle Eastern logistics corridors<\/b>, every minute of downtime is a loss. CHIRON offers a <b data-path-to-node=\"10,1,0\" data-index-in-node=\"181\">Predictive Maintenance Parts Scheme<\/b>. By analyzing your fleet\u2019s mileage and operating conditions (e.g., <b data-path-to-node=\"10,1,0\" data-index-in-node=\"284\">Sinotruk or Shacman<\/b> high-load cycles), we provide a customized &#8220;Critical Parts Kit&#8221; to ensure 99% uptime. Our technical team supports you with material upgrades for wear-critical components, extending the replacement cycle in harsh climates.<\/p>\t\t\t\t\t\t\t\t<\/div>\n\t\t\t\t<div class=\"elementor-element elementor-element-6346b12 elementor-align-right elementor-widget elementor-widget-button\" data-id=\"6346b12\" data-element_type=\"widget\" data-e-type=\"widget\" data-settings=\"{&quot;ekit_we_effect_on&quot;:&quot;none&quot;}\" data-widget_type=\"button.default\">\n\t\t\t\t\t\t\t\t\t\t<a class=\"elementor-button elementor-button-link elementor-size-sm\" href=\"#elementor-action%3Aaction%3Dpopup%3Aopen%26settings%3DeyJpZCI6Ijk5NyIsInRvZ2dsZSI6ZmFsc2V9\">\n\t\t\t\t\t\t<span class=\"elementor-button-content-wrapper\">\n\t\t\t\t\t\t\t\t\t<span class=\"elementor-button-text\">Li\u00ean h\u1ec7<\/span>\n\t\t\t\t\t<\/span>\n\t\t\t\t\t<\/a>\n\t\t\t\t\t\t\t\t<\/div>\n\t\t\t\t<\/div>\n\t\t\t\t\t<\/div>\n\t\t\t\t<\/div>\n\t\t<div class=\"elementor-element elementor-element-6fdc038 e-flex e-con-boxed e-con e-parent\" data-id=\"6fdc038\" data-element_type=\"container\" data-e-type=\"container\" data-settings=\"{&quot;background_background&quot;:&quot;classic&quot;,&quot;ekit_has_onepagescroll_dot&quot;:&quot;yes&quot;}\">\n\t\t\t\t\t<div class=\"e-con-inner\">\n\t\t<div class=\"elementor-element elementor-element-8639c18 e-con-full e-flex e-con e-child\" data-id=\"8639c18\" data-element_type=\"container\" data-e-type=\"container\" data-settings=\"{&quot;background_background&quot;:&quot;classic&quot;,&quot;ekit_has_onepagescroll_dot&quot;:&quot;yes&quot;}\">\n\t\t\t\t<div class=\"elementor-element elementor-element-cf46428 elementor-widget elementor-widget-heading\" data-id=\"cf46428\" data-element_type=\"widget\" data-e-type=\"widget\" data-settings=\"{&quot;ekit_we_effect_on&quot;:&quot;none&quot;}\" data-widget_type=\"heading.default\">\n\t\t\t\t\t<h2 class=\"elementor-heading-title elementor-size-default\">For New Distributors<\/h2>\t\t\t\t<\/div>\n\t\t\t\t<\/div>\n\t\t<div class=\"elementor-element elementor-element-2a7345c e-con-full e-flex e-con e-child\" data-id=\"2a7345c\" data-element_type=\"container\" data-e-type=\"container\" data-settings=\"{&quot;background_background&quot;:&quot;gradient&quot;,&quot;ekit_has_onepagescroll_dot&quot;:&quot;yes&quot;}\">\n\t\t\t\t<div class=\"elementor-element elementor-element-d635c0f elementor-widget elementor-widget-heading\" data-id=\"d635c0f\" data-element_type=\"widget\" data-e-type=\"widget\" data-settings=\"{&quot;ekit_we_effect_on&quot;:&quot;none&quot;}\" data-widget_type=\"heading.default\">\n\t\t\t\t\t<h3 class=\"elementor-heading-title elementor-size-default\">Startup Accelerator for New Parts Distributors<\/h3>\t\t\t\t<\/div>\n\t\t\t\t<div class=\"elementor-element elementor-element-b2f3b00 elementor-widget elementor-widget-text-editor\" data-id=\"b2f3b00\" data-element_type=\"widget\" data-e-type=\"widget\" data-settings=\"{&quot;ekit_we_effect_on&quot;:&quot;none&quot;}\" data-widget_type=\"text-editor.default\">\n\t\t\t\t\t\t\t\t\t<p>Entering the <b data-path-to-node=\"13,1,0\" data-index-in-node=\"19\">Heavy-duty Truck Parts<\/b> market can be complex. CHIRON provides a <b data-path-to-node=\"13,1,0\" data-index-in-node=\"83\">Turnkey Distribution Solution<\/b> for new entrants in <b data-path-to-node=\"13,1,0\" data-index-in-node=\"133\">CIS countries<\/b> v\u00e0 <b data-path-to-node=\"13,1,0\" data-index-in-node=\"151\">Southeast Asia<\/b>. Beyond just hardware, we provide the &#8220;Digital Intelligence&#8221;: accurate <b data-path-to-node=\"13,1,0\" data-index-in-node=\"237\">Cross-Reference Catalogs<\/b>, precise VIN decoding support, and regional &#8220;Best-Seller&#8221; data analysis. We help you build a high-turnover inventory from day one, minimizing deadstock risks and ensuring your brand gains instant local credibility.<\/p>\t\t\t\t\t\t\t\t<\/div>\n\t\t\t\t<div class=\"elementor-element elementor-element-433edef elementor-align-right elementor-widget elementor-widget-button\" data-id=\"433edef\" data-element_type=\"widget\" data-e-type=\"widget\" data-settings=\"{&quot;ekit_we_effect_on&quot;:&quot;none&quot;}\" data-widget_type=\"button.default\">\n\t\t\t\t\t\t\t\t\t\t<a class=\"elementor-button elementor-button-link elementor-size-sm\" href=\"#elementor-action%3Aaction%3Dpopup%3Aopen%26settings%3DeyJpZCI6Ijk5NyIsInRvZ2dsZSI6ZmFsc2V9\">\n\t\t\t\t\t\t<span class=\"elementor-button-content-wrapper\">\n\t\t\t\t\t\t\t\t\t<span class=\"elementor-button-text\">Li\u00ean h\u1ec7<\/span>\n\t\t\t\t\t<\/span>\n\t\t\t\t\t<\/a>\n\t\t\t\t\t\t\t\t<\/div>\n\t\t\t\t<\/div>\n\t\t\t\t\t<\/div>\n\t\t\t\t<\/div>\n\t\t<div class=\"elementor-element elementor-element-350f402 e-flex e-con-boxed e-con e-parent\" data-id=\"350f402\" data-element_type=\"container\" data-e-type=\"container\" data-settings=\"{&quot;background_background&quot;:&quot;classic&quot;,&quot;ekit_has_onepagescroll_dot&quot;:&quot;yes&quot;}\">\n\t\t\t\t\t<div class=\"e-con-inner\">\n\t\t<div class=\"elementor-element elementor-element-cf9d541 e-con-full e-flex e-con e-child\" data-id=\"cf9d541\" data-element_type=\"container\" data-e-type=\"container\" data-settings=\"{&quot;background_background&quot;:&quot;classic&quot;,&quot;ekit_has_onepagescroll_dot&quot;:&quot;yes&quot;}\">\n\t\t\t\t<div class=\"elementor-element elementor-element-ac62341 elementor-widget elementor-widget-heading\" data-id=\"ac62341\" data-element_type=\"widget\" data-e-type=\"widget\" data-settings=\"{&quot;ekit_we_effect_on&quot;:&quot;none&quot;}\" data-widget_type=\"heading.default\">\n\t\t\t\t\t<h2 class=\"elementor-heading-title elementor-size-default\">For Maintenance Shop Owners<\/h2>\t\t\t\t<\/div>\n\t\t\t\t<\/div>\n\t\t<div class=\"elementor-element elementor-element-1829687 e-con-full e-flex e-con e-child\" data-id=\"1829687\" data-element_type=\"container\" data-e-type=\"container\" data-settings=\"{&quot;background_background&quot;:&quot;gradient&quot;,&quot;ekit_has_onepagescroll_dot&quot;:&quot;yes&quot;}\">\n\t\t\t\t<div class=\"elementor-element elementor-element-1a680f8 elementor-widget elementor-widget-heading\" data-id=\"1a680f8\" data-element_type=\"widget\" data-e-type=\"widget\" data-settings=\"{&quot;ekit_we_effect_on&quot;:&quot;none&quot;}\" data-widget_type=\"heading.default\">\n\t\t\t\t\t<h3 class=\"elementor-heading-title elementor-size-default\">Precision Repair &amp; Diagnostic Technical Support<\/h3>\t\t\t\t<\/div>\n\t\t\t\t<div class=\"elementor-element elementor-element-89722b4 elementor-widget elementor-widget-text-editor\" data-id=\"89722b4\" data-element_type=\"widget\" data-e-type=\"widget\" data-settings=\"{&quot;ekit_we_effect_on&quot;:&quot;none&quot;}\" data-widget_type=\"text-editor.default\">\n\t\t\t\t\t\t\t\t\t<p>Efficiency in the workshop depends on part precision. CHIRON provides Maintenance Shops with <b data-path-to-node=\"16,1,0\" data-index-in-node=\"99\">100% Fitment Accuracy<\/b> through our strict <b data-path-to-node=\"16,1,0\" data-index-in-node=\"140\">\u03bcm-level quality control<\/b>. We offer comprehensive technical assembly guides for complex components like <b data-path-to-node=\"16,1,0\" data-index-in-node=\"243\">Engine Overhaul Kits<\/b> v\u00e0 <b data-path-to-node=\"16,1,0\" data-index-in-node=\"268\">Transmission Systems<\/b>. Our technical consultants are available to help your mechanics solve &#8220;Hard-to-Find&#8221; part issues for aging Chinese-brand truck models, ensuring your customers\u2019 vehicles return to the road faster.<\/p>\t\t\t\t\t\t\t\t<\/div>\n\t\t\t\t<div class=\"elementor-element elementor-element-2d0e858 elementor-align-right elementor-widget elementor-widget-button\" data-id=\"2d0e858\" data-element_type=\"widget\" data-e-type=\"widget\" data-settings=\"{&quot;ekit_we_effect_on&quot;:&quot;none&quot;}\" data-widget_type=\"button.default\">\n\t\t\t\t\t\t\t\t\t\t<a class=\"elementor-button elementor-button-link elementor-size-sm\" href=\"#elementor-action%3Aaction%3Dpopup%3Aopen%26settings%3DeyJpZCI6Ijk5NyIsInRvZ2dsZSI6ZmFsc2V9\">\n\t\t\t\t\t\t<span class=\"elementor-button-content-wrapper\">\n\t\t\t\t\t\t\t\t\t<span class=\"elementor-button-text\">Li\u00ean h\u1ec7<\/span>\n\t\t\t\t\t<\/span>\n\t\t\t\t\t<\/a>\n\t\t\t\t\t\t\t\t<\/div>\n\t\t\t\t<\/div>\n\t\t\t\t\t<\/div>\n\t\t\t\t<\/div>\n\t\t<div class=\"elementor-element elementor-element-4345f12 e-flex e-con-boxed e-con e-parent\" data-id=\"4345f12\" data-element_type=\"container\" data-e-type=\"container\" data-settings=\"{&quot;background_background&quot;:&quot;classic&quot;,&quot;ekit_has_onepagescroll_dot&quot;:&quot;yes&quot;}\">\n\t\t\t\t\t<div class=\"e-con-inner\">\n\t\t<div class=\"elementor-element elementor-element-f021beb e-con-full e-flex e-con e-child\" data-id=\"f021beb\" data-element_type=\"container\" data-e-type=\"container\" data-settings=\"{&quot;background_background&quot;:&quot;classic&quot;,&quot;ekit_has_onepagescroll_dot&quot;:&quot;yes&quot;}\">\n\t\t\t\t<div class=\"elementor-element elementor-element-cad669c elementor-widget elementor-widget-heading\" data-id=\"cad669c\" data-element_type=\"widget\" data-e-type=\"widget\" data-settings=\"{&quot;ekit_we_effect_on&quot;:&quot;none&quot;}\" data-widget_type=\"heading.default\">\n\t\t\t\t\t<h2 class=\"elementor-heading-title elementor-size-default\">For Spare Parts Shop Owners<\/h2>\t\t\t\t<\/div>\n\t\t\t\t<\/div>\n\t\t<div class=\"elementor-element elementor-element-2864415 e-con-full e-flex e-con e-child\" data-id=\"2864415\" data-element_type=\"container\" data-e-type=\"container\" data-settings=\"{&quot;background_background&quot;:&quot;gradient&quot;,&quot;ekit_has_onepagescroll_dot&quot;:&quot;yes&quot;}\">\n\t\t\t\t<div class=\"elementor-element elementor-element-7a1ca06 elementor-widget elementor-widget-heading\" data-id=\"7a1ca06\" data-element_type=\"widget\" data-e-type=\"widget\" data-settings=\"{&quot;ekit_we_effect_on&quot;:&quot;none&quot;}\" data-widget_type=\"heading.default\">\n\t\t\t\t\t<h3 class=\"elementor-heading-title elementor-size-default\">Retail Inventory Optimization &amp; Branding Solutions<\/h3>\t\t\t\t<\/div>\n\t\t\t\t<div class=\"elementor-element elementor-element-008b3ee elementor-widget elementor-widget-text-editor\" data-id=\"008b3ee\" data-element_type=\"widget\" data-e-type=\"widget\" data-settings=\"{&quot;ekit_we_effect_on&quot;:&quot;none&quot;}\" data-widget_type=\"text-editor.default\">\n\t\t\t\t\t\t\t\t\t<p>Retail success is built on variety and trust. We help <b data-path-to-node=\"19,1,0\" data-index-in-node=\"60\">Spare Parts Shop owners<\/b> optimize their shelf-mix by balancing fast-moving consumables with high-margin technical components. CHIRON supports your store with <b data-path-to-node=\"19,1,0\" data-index-in-node=\"217\">Private Labeling (OEM) services<\/b>, allowing you to build your own local brand legacy. Our standardized, multi-language packaging (supporting <b data-path-to-node=\"19,1,0\" data-index-in-node=\"356\">Russian, French, and Portuguese<\/b>) ensures your products stand out on the shelf, meeting the professional expectations of end-users worldwide.<\/p>\t\t\t\t\t\t\t\t<\/div>\n\t\t\t\t<div class=\"elementor-element elementor-element-ce48dae elementor-align-right elementor-widget elementor-widget-button\" data-id=\"ce48dae\" data-element_type=\"widget\" data-e-type=\"widget\" data-settings=\"{&quot;ekit_we_effect_on&quot;:&quot;none&quot;}\" data-widget_type=\"button.default\">\n\t\t\t\t\t\t\t\t\t\t<a class=\"elementor-button elementor-button-link elementor-size-sm\" href=\"#elementor-action%3Aaction%3Dpopup%3Aopen%26settings%3DeyJpZCI6Ijk5NyIsInRvZ2dsZSI6ZmFsc2V9\">\n\t\t\t\t\t\t<span class=\"elementor-button-content-wrapper\">\n\t\t\t\t\t\t\t\t\t<span class=\"elementor-button-text\">Li\u00ean h\u1ec7<\/span>\n\t\t\t\t\t<\/span>\n\t\t\t\t\t<\/a>\n\t\t\t\t\t\t\t\t<\/div>\n\t\t\t\t<\/div>\n\t\t\t\t\t<\/div>\n\t\t\t\t<\/div>\n\t\t\t\t<\/div>","protected":false},"excerpt":{"rendered":"<p>Custom Technical Solutions for Global Truck Parts Supply Chain DISCOVER MORE For Fleet Owners Fleet Efficiency &amp; Uptime Management Solutions For large-scale fleet operators in demanding environments like African mining sites or Middle Eastern logistics corridors, every minute of downtime is a loss. CHIRON offers a Predictive Maintenance Parts Scheme. By analyzing your fleet\u2019s mileage [&hellip;]<\/p>\n","protected":false},"author":1,"featured_media":0,"parent":0,"menu_order":0,"comment_status":"closed","ping_status":"closed","template":"","meta":{"_acf_changed":false,"footnotes":""},"class_list":["post-408","page","type-page","status-publish","hentry"],"acf":[],"_hostinger_reach_plugin_has_subscription_block":false,"_hostinger_reach_plugin_is_elementor":false,"_links":{"self":[{"href":"https:\/\/chirontruckparts.com\/vi\/wp-json\/wp\/v2\/pages\/408","targetHints":{"allow":["GET"]}}],"collection":[{"href":"https:\/\/chirontruckparts.com\/vi\/wp-json\/wp\/v2\/pages"}],"about":[{"href":"https:\/\/chirontruckparts.com\/vi\/wp-json\/wp\/v2\/types\/page"}],"author":[{"embeddable":true,"href":"https:\/\/chirontruckparts.com\/vi\/wp-json\/wp\/v2\/users\/1"}],"replies":[{"embeddable":true,"href":"https:\/\/chirontruckparts.com\/vi\/wp-json\/wp\/v2\/comments?post=408"}],"version-history":[{"count":48,"href":"https:\/\/chirontruckparts.com\/vi\/wp-json\/wp\/v2\/pages\/408\/revisions"}],"predecessor-version":[{"id":14954,"href":"https:\/\/chirontruckparts.com\/vi\/wp-json\/wp\/v2\/pages\/408\/revisions\/14954"}],"wp:attachment":[{"href":"https:\/\/chirontruckparts.com\/vi\/wp-json\/wp\/v2\/media?parent=408"}],"curies":[{"name":"wp","href":"https:\/\/api.w.org\/{rel}","templated":true}]}}