{"id":9640,"date":"2026-02-12T09:45:13","date_gmt":"2026-02-12T09:45:13","guid":{"rendered":"https:\/\/chirontruckparts.com\/product\/injection-pump-for-china-truckscommercial-vehicle-engine-partschinos-camion-moto-partesfor-sitrak-dayun-chenglong-shacman-faw-fotoneuro-ii-iii-iv-v-vi-motor\/"},"modified":"2026-02-12T09:45:13","modified_gmt":"2026-02-12T09:45:13","slug":"injection-pump-for-china-truckscommercial-vehicle-engine-partschinos-camion-moto-partesfor-sitrak-dayun-chenglong-shacman-faw-fotoneuro-ii-iii-iv-v-vi-motor","status":"publish","type":"product","link":"https:\/\/chirontruckparts.com\/pt\/product\/injection-pump-for-china-truckscommercial-vehicle-engine-partschinos-camion-moto-partesfor-sitrak-dayun-chenglong-shacman-faw-fotoneuro-ii-iii-iv-v-vi-motor\/","title":{"rendered":"Bomba de Inje\u00e7\u00e3o para Caminh\u00f5es Chineses, Pe\u00e7as de Motor para Ve\u00edculos Comerciais, Pe\u00e7as de Motor para Caminh\u00f5es Chineses, para Sitrak\/Dayun\/Chenglong\/Shacman\/FAW\/Foton, Motor Euro II\/III\/IV\/V\/VI"},"content":{"rendered":"","protected":false},"featured_media":12454,"parent":0,"template":"","meta":{"_acf_changed":false},"product_cat":[137,131],"class_list":["post-9640","product","type-product","status-publish","has-post-thumbnail","hentry","product_cat-engine-parts","product_cat-truck-parts"],"acf":[],"_links":{"self":[{"href":"https:\/\/chirontruckparts.com\/pt\/wp-json\/wp\/v2\/product\/9640","targetHints":{"allow":["GET"]}}],"collection":[{"href":"https:\/\/chirontruckparts.com\/pt\/wp-json\/wp\/v2\/product"}],"about":[{"href":"https:\/\/chirontruckparts.com\/pt\/wp-json\/wp\/v2\/types\/product"}],"wp:featuredmedia":[{"embeddable":true,"href":"https:\/\/chirontruckparts.com\/pt\/wp-json\/wp\/v2\/media\/12454"}],"wp:attachment":[{"href":"https:\/\/chirontruckparts.com\/pt\/wp-json\/wp\/v2\/media?parent=9640"}],"wp:term":[{"taxonomy":"product_cat","embeddable":true,"href":"https:\/\/chirontruckparts.com\/pt\/wp-json\/wp\/v2\/product_cat?post=9640"}],"curies":[{"name":"wp","href":"https:\/\/api.w.org\/{rel}","templated":true}]}}