{"id":9530,"date":"2026-02-12T09:45:03","date_gmt":"2026-02-12T09:45:03","guid":{"rendered":"https:\/\/chirontruckparts.com\/product\/chinese-truck-shock-absorber-for-beiben-north-benz-ng80a-ng80b-v3-v3m-v3et-v3mt-howo-shacman-faw-jh6-j7-camc-dongfeng-foton-truck-parts-5001025a1063\/"},"modified":"2026-02-12T09:45:03","modified_gmt":"2026-02-12T09:45:03","slug":"amortecedor-de-camiao-chines-para-beiben-north-benz-ng80a-ng80b-v3-v3m-v3et-v3mt-howo-shacman-faw-jh6-j7-camc-dongfeng-foton-pecas-de-camiao-5001025a1063","status":"publish","type":"product","link":"https:\/\/chirontruckparts.com\/pt\/product\/chinese-truck-shock-absorber-for-beiben-north-benz-ng80a-ng80b-v3-v3m-v3et-v3mt-howo-shacman-faw-jh6-j7-camc-dongfeng-foton-truck-parts-5001025a1063\/","title":{"rendered":"Amortecedor de cami\u00e3o chin\u00eas para Beiben North Benz Ng80A Ng80b V3 V3m V3et V3mt HOWO Shacman FAW Jh6 J7 Camc Dongfeng Foton Pe\u00e7as para cami\u00f5es, 5001025A1063"},"content":{"rendered":"","protected":false},"featured_media":12942,"parent":0,"template":"","meta":{"_acf_changed":false},"product_cat":[133,131],"class_list":["post-9530","product","type-product","status-publish","has-post-thumbnail","hentry","product_cat-chassis-parts","product_cat-truck-parts"],"acf":[],"_links":{"self":[{"href":"https:\/\/chirontruckparts.com\/pt\/wp-json\/wp\/v2\/product\/9530","targetHints":{"allow":["GET"]}}],"collection":[{"href":"https:\/\/chirontruckparts.com\/pt\/wp-json\/wp\/v2\/product"}],"about":[{"href":"https:\/\/chirontruckparts.com\/pt\/wp-json\/wp\/v2\/types\/product"}],"wp:featuredmedia":[{"embeddable":true,"href":"https:\/\/chirontruckparts.com\/pt\/wp-json\/wp\/v2\/media\/12942"}],"wp:attachment":[{"href":"https:\/\/chirontruckparts.com\/pt\/wp-json\/wp\/v2\/media?parent=9530"}],"wp:term":[{"taxonomy":"product_cat","embeddable":true,"href":"https:\/\/chirontruckparts.com\/pt\/wp-json\/wp\/v2\/product_cat?post=9530"}],"curies":[{"name":"wp","href":"https:\/\/api.w.org\/{rel}","templated":true}]}}