{"id":7646,"date":"2026-02-12T09:42:10","date_gmt":"2026-02-12T09:42:10","guid":{"rendered":"https:\/\/chirontruckparts.com\/product\/oil-pressure-gaugewater-temperature-gaugeoil-temperature-gaugevoltage-metertime-meter-for-bulldozers-shantui-xcmg-liugong-sdlg-changlin-ytoelectrical-parts\/"},"modified":"2026-02-27T01:50:54","modified_gmt":"2026-02-27T01:50:54","slug":"oil-pressure-gaugewater-temperature-gaugeoil-temperature-gaugevoltage-metertime-meter-for-bulldozers-shantui-xcmg-liugong-sdlg-changlin-ytoelectrical-parts","status":"publish","type":"product","link":"https:\/\/chirontruckparts.com\/pt\/product\/oil-pressure-gaugewater-temperature-gaugeoil-temperature-gaugevoltage-metertime-meter-for-bulldozers-shantui-xcmg-liugong-sdlg-changlin-ytoelectrical-parts\/","title":{"rendered":"Medidor de Press\u00e3o de \u00d3leo, Medidor de Temperatura da \u00c1gua, Medidor de Temperatura do \u00d3leo, Volt\u00edmetro, Hor\u00edmetro para Bulldozers Shantui\/XCMG\/Liugong\/Sdlg\/Changlin\/Yto, Pe\u00e7as El\u00e9tricas"},"content":{"rendered":"","protected":false},"featured_media":12686,"parent":0,"template":"","meta":{"_acf_changed":false},"product_cat":[124,128],"class_list":["post-7646","product","type-product","status-publish","has-post-thumbnail","hentry","product_cat-construction-machinery-parts","product_cat-electrical-parts-construction-machinery-parts"],"acf":[],"_links":{"self":[{"href":"https:\/\/chirontruckparts.com\/pt\/wp-json\/wp\/v2\/product\/7646","targetHints":{"allow":["GET"]}}],"collection":[{"href":"https:\/\/chirontruckparts.com\/pt\/wp-json\/wp\/v2\/product"}],"about":[{"href":"https:\/\/chirontruckparts.com\/pt\/wp-json\/wp\/v2\/types\/product"}],"wp:featuredmedia":[{"embeddable":true,"href":"https:\/\/chirontruckparts.com\/pt\/wp-json\/wp\/v2\/media\/12686"}],"wp:attachment":[{"href":"https:\/\/chirontruckparts.com\/pt\/wp-json\/wp\/v2\/media?parent=7646"}],"wp:term":[{"taxonomy":"product_cat","embeddable":true,"href":"https:\/\/chirontruckparts.com\/pt\/wp-json\/wp\/v2\/product_cat?post=7646"}],"curies":[{"name":"wp","href":"https:\/\/api.w.org\/{rel}","templated":true}]}}