{"id":8146,"date":"2026-02-12T09:42:55","date_gmt":"2026-02-12T09:42:55","guid":{"rendered":"https:\/\/chirontruckparts.com\/product\/engine-assembly-for-chinese-wheel-loadersconstruction-equipment-partsheavy-machinery-engine-parts-for-xcmg-sdlg-shantui-sany-liugong-lonkingeuro-ii-iii-iv-v\/"},"modified":"2026-02-12T09:42:55","modified_gmt":"2026-02-12T09:42:55","slug":"engine-assembly-for-chinese-wheel-loadersconstruction-equipment-partsheavy-machinery-engine-parts-for-xcmg-sdlg-shantui-sany-liugong-lonkingeuro-ii-iii-iv-v","status":"publish","type":"product","link":"https:\/\/chirontruckparts.com\/fr\/product\/engine-assembly-for-chinese-wheel-loadersconstruction-equipment-partsheavy-machinery-engine-parts-for-xcmg-sdlg-shantui-sany-liugong-lonkingeuro-ii-iii-iv-v\/","title":{"rendered":"Assemblage de Moteur pour Chargeurs sur Pneus Chinois, Pi\u00e8ces d'\u00c9quipement de Construction, Pi\u00e8ces de Moteur pour Machines Lourdes pour XCMG\/Sdlg\/Shantui\/Sany\/Liugong\/Lonking, Euro II\/III\/IV\/V"},"content":{"rendered":"","protected":false},"featured_media":13048,"parent":0,"template":"","meta":{"_acf_changed":false},"product_cat":[124,129],"class_list":["post-8146","product","type-product","status-publish","has-post-thumbnail","hentry","product_cat-construction-machinery-parts","product_cat-engine-parts-construction-machinery-parts"],"acf":[],"_links":{"self":[{"href":"https:\/\/chirontruckparts.com\/fr\/wp-json\/wp\/v2\/product\/8146","targetHints":{"allow":["GET"]}}],"collection":[{"href":"https:\/\/chirontruckparts.com\/fr\/wp-json\/wp\/v2\/product"}],"about":[{"href":"https:\/\/chirontruckparts.com\/fr\/wp-json\/wp\/v2\/types\/product"}],"wp:featuredmedia":[{"embeddable":true,"href":"https:\/\/chirontruckparts.com\/fr\/wp-json\/wp\/v2\/media\/13048"}],"wp:attachment":[{"href":"https:\/\/chirontruckparts.com\/fr\/wp-json\/wp\/v2\/media?parent=8146"}],"wp:term":[{"taxonomy":"product_cat","embeddable":true,"href":"https:\/\/chirontruckparts.com\/fr\/wp-json\/wp\/v2\/product_cat?post=8146"}],"curies":[{"name":"wp","href":"https:\/\/api.w.org\/{rel}","templated":true}]}}