{"id":9274,"date":"2026-02-12T09:44:41","date_gmt":"2026-02-12T09:44:41","guid":{"rendered":"https:\/\/chirontruckparts.com\/product\/heavy-duty-truck-spare-parts-top-rated-cv-disc-brake-pad-wva-no-29244-for-sl7-system-pjtbp006\/"},"modified":"2026-02-12T09:44:41","modified_gmt":"2026-02-12T09:44:41","slug":"heavy-duty-truck-spare-parts-top-rated-cv-disc-brake-pad-wva-no-29244-for-sl7-system-pjtbp006","status":"publish","type":"product","link":"https:\/\/chirontruckparts.com\/es\/product\/heavy-duty-truck-spare-parts-top-rated-cv-disc-brake-pad-wva-no-29244-for-sl7-system-pjtbp006\/","title":{"rendered":"Pastilla de Freno de Disco para Cami\u00f3n Pesado, Alta Calificaci\u00f3n, N\u00famero WVA 29244 para Sistema SL7 (PJTBP006)"},"content":{"rendered":"","protected":false},"featured_media":13605,"parent":0,"template":"","meta":{"_acf_changed":false},"product_cat":[135,131],"class_list":["post-9274","product","type-product","status-publish","has-post-thumbnail","hentry","product_cat-braking-parts","product_cat-truck-parts"],"acf":[],"_links":{"self":[{"href":"https:\/\/chirontruckparts.com\/es\/wp-json\/wp\/v2\/product\/9274","targetHints":{"allow":["GET"]}}],"collection":[{"href":"https:\/\/chirontruckparts.com\/es\/wp-json\/wp\/v2\/product"}],"about":[{"href":"https:\/\/chirontruckparts.com\/es\/wp-json\/wp\/v2\/types\/product"}],"wp:featuredmedia":[{"embeddable":true,"href":"https:\/\/chirontruckparts.com\/es\/wp-json\/wp\/v2\/media\/13605"}],"wp:attachment":[{"href":"https:\/\/chirontruckparts.com\/es\/wp-json\/wp\/v2\/media?parent=9274"}],"wp:term":[{"taxonomy":"product_cat","embeddable":true,"href":"https:\/\/chirontruckparts.com\/es\/wp-json\/wp\/v2\/product_cat?post=9274"}],"curies":[{"name":"wp","href":"https:\/\/api.w.org\/{rel}","templated":true}]}}