{"id":8100,"date":"2026-02-12T09:42:52","date_gmt":"2026-02-12T09:42:52","guid":{"rendered":"https:\/\/chirontruckparts.com\/product\/gearbox-assembly-transmission-assy-for-chinese-construction-machineryconstruction-equipment-parts-for-shantuisemsdlgxcmgzoomlionsanyliugonglonkingxgma\/"},"modified":"2026-02-27T01:53:02","modified_gmt":"2026-02-27T01:53:02","slug":"gearbox-assembly-transmission-assy-for-chinese-construction-machineryconstruction-equipment-parts-for-shantuisemsdlgxcmgzoomlionsanyliugonglonkingxgma","status":"publish","type":"product","link":"https:\/\/chirontruckparts.com\/es\/product\/gearbox-assembly-transmission-assy-for-chinese-construction-machineryconstruction-equipment-parts-for-shantuisemsdlgxcmgzoomlionsanyliugonglonkingxgma\/","title":{"rendered":"Conjunto de caja de cambios y transmisi\u00f3n para maquinaria de construcci\u00f3n china; piezas de equipos de construcci\u00f3n para Shantui, SEM, SDLG, XCMG, Zoomlion, Sany, Liugong, Lonking y XGMA"},"content":{"rendered":"","protected":false},"featured_media":13024,"parent":0,"template":"","meta":{"_acf_changed":false},"product_cat":[124,127],"class_list":["post-8100","product","type-product","status-publish","has-post-thumbnail","hentry","product_cat-construction-machinery-parts","product_cat-gearbox-parts-construction-machinery-parts"],"acf":[],"_links":{"self":[{"href":"https:\/\/chirontruckparts.com\/es\/wp-json\/wp\/v2\/product\/8100","targetHints":{"allow":["GET"]}}],"collection":[{"href":"https:\/\/chirontruckparts.com\/es\/wp-json\/wp\/v2\/product"}],"about":[{"href":"https:\/\/chirontruckparts.com\/es\/wp-json\/wp\/v2\/types\/product"}],"wp:featuredmedia":[{"embeddable":true,"href":"https:\/\/chirontruckparts.com\/es\/wp-json\/wp\/v2\/media\/13024"}],"wp:attachment":[{"href":"https:\/\/chirontruckparts.com\/es\/wp-json\/wp\/v2\/media?parent=8100"}],"wp:term":[{"taxonomy":"product_cat","embeddable":true,"href":"https:\/\/chirontruckparts.com\/es\/wp-json\/wp\/v2\/product_cat?post=8100"}],"curies":[{"name":"wp","href":"https:\/\/api.w.org\/{rel}","templated":true}]}}